{"id":18866,"date":"2020-05-08T22:10:36","date_gmt":"2020-05-08T19:10:36","guid":{"rendered":"https:\/\/mesenaatti-cms.karolina.io\/?page_id=18866"},"modified":"2023-01-12T14:19:25","modified_gmt":"2023-01-12T12:19:25","slug":"nain-keraan-rahaa-suomen-lakien-mukaisesti","status":"publish","type":"page","link":"https:\/\/mesenaatti-cms.karolina.io\/en\/nain-keraan-rahaa-suomen-lakien-mukaisesti\/","title":{"rendered":"(suomi) N\u00e4in ker\u00e4\u00e4n rahaa Suomen lakien mukaisesti"},"content":{"rendered":"<p>Sorry, this entry is only available in <a href=\"https:\/\/mesenaatti-cms.karolina.io\/wp-json\/wp\/v2\/pages\/18866\">suomi<\/a>.<\/p>\n","protected":false},"excerpt":{"rendered":"<p>Sorry, this entry is only available in suomi.<\/p>\n","protected":false},"author":7,"featured_media":0,"parent":0,"menu_order":0,"comment_status":"closed","ping_status":"closed","template":"","meta":{"footnotes":""},"mesenaatti_content":{"title":{"raw":"<!--:fi-->N\u00e4in ker\u00e4\u00e4n rahaa Suomen lakien mukaisesti<!--:-->","en":"(suomi) N\u00e4in ker\u00e4\u00e4n rahaa Suomen lakien mukaisesti","fi":"N\u00e4in ker\u00e4\u00e4n rahaa Suomen lakien mukaisesti"},"content":{"raw":"<p><!--:fi--><\/p>\n<h2>N\u00e4in ker\u00e4\u00e4t rahaa Suomen lakien mukaisesti<\/h2>\n<p>Koronavirusepidemia koettelee monen yritt\u00e4j\u00e4n, taiteilijan, muusikon ja muiden itsen\u00e4isten ammatinharjoittajien ja freelancereiden taloutta. Monenlaisten julkisen sektorin ja s\u00e4\u00e4ti\u00f6iden apupakettien lis\u00e4ksi toimijat ja suuri yleis\u00f6 kehitt\u00e4v\u00e4t parhaillaan tapoja ker\u00e4t\u00e4 rahaa my\u00f6s itse. Kaikki eiv\u00e4t tunne viel\u00e4 hyvin Suomen rahanker\u00e4yslains\u00e4\u00e4d\u00e4nt\u00f6\u00e4, tai sit\u00e4 ett\u00e4 lahjoituksia ei voi pyyt\u00e4\u00e4 yleis\u00f6lt\u00e4 tuosta vain, joten kokosimme Joukkorahoituspalvelu Mesenaatin toimesta t\u00e4rkeimm\u00e4t asiat mit\u00e4 rahan ker\u00e4\u00e4misest\u00e4 on hyv\u00e4 tiet\u00e4\u00e4.<\/p>\n<p>Rahaa voi ker\u00e4t\u00e4 Suomessa p\u00e4\u00e4asiassa kolmella tavalla, jos mm. sijoittaminen ja arpajaiset j\u00e4tet\u00e4\u00e4n pois:<\/p>\n<ol>\n<li>Kaupank\u00e4ynti.<\/li>\n<li> Pienker\u00e4ys.<\/li>\n<li>Luvanvarainen rahanker\u00e4ys<\/li>\n<\/ol>\n<h2>1. Kaupank\u00e4ynti<\/h2>\n<p>T\u00e4m\u00e4 tarkoittaa mit\u00e4 tahansa tuotteiden myynti\u00e4, jossa rahan antaja saa vastikkeen antamalleen summalle. Se voi tapahtua my\u00f6s ennakkomyyntin\u00e4 ja et\u00e4myyntin\u00e4. Vastike voi olla tavara, palvelu, el\u00e4mys, j\u00e4senyys tai osuus, kuten:<\/p>\n<ul>\n<li>fyysinen tai virtuaalinen tuote kuten kirja, levy, kuvatallenne, applikaatio tai muu tuote<\/li>\n<li>p\u00e4\u00e4sylippu esitykseen, kutsu avajaisiin tai ensi-iltaan - my\u00f6s virtuaalisesti toteutettuina<\/li>\n<li>mahdollisuus hy\u00f6dynt\u00e4\u00e4 tilaa, palvelua tai tuotettua esinett\u00e4, tai yritysyhteisty\u00f6ss\u00e4 br\u00e4ndi\u00e4<\/li>\n<li>osuus osuuskunnasta, tai yhdistyksen, kerhon tms. j\u00e4senyys<\/li>\n<\/ul>\n<p>Vastikkeen tulee olla aina suhteessa pyydettyyn rahoitussummaan. Vastikkeilla pit\u00e4\u00e4 olla kiinte\u00e4t hinnat. Jos rahoittajaa pyydet\u00e4\u00e4n julkisesti maksamaan h\u00e4nen itse valitsemansa summa vastikkeesta, on Suomen lain mukaan kyse lahjoitusten pyyt\u00e4misest\u00e4. Se vaatii rahanker\u00e4ysluvan tai pienker\u00e4ysnumeron, joita k\u00e4sitell\u00e4\u00e4n alla. Sen sijaa vastikkeella voi olla useita hintaryhmi\u00e4, kuten opiskelija- ja el\u00e4kel\u00e4ishinnat. Virtuaalisiin tuotteisiin voidaan luoda porrastuksia my\u00f6s esimerkiksi tarjoamalla eri pituisia katseluoikeuksia.<\/p>\n<p>Vastikkeeksi ei voi tarjota sellaista tuotetta tai palvelua josta my\u00f6s muut kuin rahoittajat p\u00e4\u00e4sev\u00e4t vapaasti nauttimaan.T\u00e4m\u00e4 luokitellaan my\u00f6s lahjoitusten pyyt\u00e4miseksi. Vastikkeen toimittamiselle tulee my\u00f6s asettaa ajankohta johon menness\u00e4 se toteutetaan.<\/p>\n<p>Vastikkeiden myynnill\u00e4 saatu rahoitus on yksityishenkil\u00f6n tai yhteis\u00f6n tuloa, jota k\u00e4sitell\u00e4\u00e4n sen mukaisesti my\u00f6s verotuksessa. Yleishy\u00f6dylliset yhteis\u00f6t ovat p\u00e4\u00e4s\u00e4\u00e4nt\u00f6isesti verovapaita hankkimastaan rahoituksesta, mik\u00e4li rahoitettava toiminta on verovapaata.<\/p>\n<p>Jos rahoituksen hakijataho on arvonlis\u00e4velvollinen, pit\u00e4\u00e4 vastikkeiden sis\u00e4lt\u00e4\u00e4 ALV, ellei tuotetta tai palvelua ole s\u00e4\u00e4detty verottomaksi. Arvonlis\u00e4veron veroluokka pit\u00e4\u00e4 mainita vastikkeiden yhteydess\u00e4. Jos ei ole ole arvonlis\u00e4verovelvollinen, pit\u00e4\u00e4 sekin mainita.<\/p>\n<h2>2. Pienker\u00e4ys<\/h2>\n<p>Uuden rahanker\u00e4yslain my\u00f6t\u00e4 voit pyyt\u00e4\u00e4 lahjoituksia yleis\u00f6lt\u00e4 10 000 euroon asti ilman rahanker\u00e4yslupaa. Ker\u00e4ys on keskeytett\u00e4v\u00e4 kun se saavuttaa 10 000 euron rajan.<br \/>\nPienker\u00e4yksi\u00e4 ei kuitenkaan saa j\u00e4rjest\u00e4\u00e4 ker\u00e4t\u00e4kseen itselleen rahaa omaksi hyv\u00e4kseen, tai yritykselleen tai muuhun elinkeinotoimintaan, mutta toisen henkil\u00f6n auttamiseen tai yleishy\u00f6dylliseen tarkoitukseen saa. Pienker\u00e4yksen voi j\u00e4rjest\u00e4\u00e4 esimerkiksi yhdistys, mutta my\u00f6s v\u00e4hint\u00e4\u00e4n kolmen hengen ryhm\u00e4 yksityishenkil\u00f6it\u00e4 voi tehd\u00e4 pienker\u00e4yksen.<br \/>\nRahanker\u00e4yslupaa ei siis tarvita, mutta poliisille pit\u00e4\u00e4 ilmoittaa pienker\u00e4yksest\u00e4, ja maksaa vaadittava maksu (55 euroa). Kun hakemus on k\u00e4sitelty, ker\u00e4\u00e4j\u00e4 saa pienker\u00e4ysnumeron. T\u00e4m\u00e4 pienker\u00e4ysnumero ilmoitetaan ker\u00e4yksen yhteydess\u00e4 yleis\u00f6lle. T\u00e4m\u00e4n lis\u00e4ksi ker\u00e4yksen j\u00e4rjest\u00e4jill\u00e4 on my\u00f6s muita velvoitteita.<\/p>\n<h2>3. Luvanvarainen rahanker\u00e4ys<\/h2>\n<p>Yleishy\u00f6dylliset yhdistykset voivat saada yleishy\u00f6dyllisiin tarkoituksiin rahanker\u00e4ysluvan. T\u00e4ll\u00f6in he voivat pyyt\u00e4\u00e4 yleis\u00f6\u00e4 lahjoittamaan rahaa kyseisiin tarkoituksiin. Yleishy\u00f6dyllinen yhteis\u00f6 voi toimeenpanna ker\u00e4yksen my\u00f6s ulkopuolisen tahon hyv\u00e4ksi kunhan ker\u00e4ystarkoitus on yleishy\u00f6dyllinen tai kohdistuu taloudellisissa vaikeuksissa olevan henkil\u00f6n tai perheen auttamiseen tai vakiintuneen opinto- ja harrasteryhm\u00e4n opintojen tai harrastustoiminnan tukemiseen.<\/p>\n<p>HUOM! RAHAN LAHJOITTAMINEN JA LAHJOITUSTEN VASTAANOTTAMINEN ON T\u00c4YSIN SALLITTUA JA LAILLISTA! AINOASTAAN LAHJOITUSTEN PYYT\u00c4MINEN JULKISESTI ON LUVANVARAISTA.<\/p>\n<h3>LIS\u00c4TIEDOT<\/h3>\n<p>Pienker\u00e4yksest\u00e4 Arpajaishallinnon sivulla<a href=\"https:\/\/www.arpajaishallinto.fi\/rahankeraykset\/pienkeraykset\"> www.arpajaishallinto.fi\/rahankeraykset\/pienkeraykset<\/a><br \/>\nArvonlis\u00e4verosta Verottajan sivulla <a href=\"https:\/\/www.vero.fi\/yritykset-ja-yhteisot\/tietoa-yritysverotuksesta\/arvonlisaverotus\/\">www.vero.fi\/yritykset-ja-yhteisot\/tietoa-yritysverotuksesta\/arvonlisaverotus\/<\/a><br \/>\n<a href=\"mesenaatti.me\/pro\/korona-aid\/\">Mesenaatti.me:n Korona Aid <\/a><\/p>\n<p><!--:--><\/p>\n","en":"<p><\/p>\n","fi":"<p><\/p>\n<h2>N\u00e4in ker\u00e4\u00e4t rahaa Suomen lakien mukaisesti<\/h2>\n<p>Koronavirusepidemia koettelee monen yritt\u00e4j\u00e4n, taiteilijan, muusikon ja muiden itsen\u00e4isten ammatinharjoittajien ja freelancereiden taloutta. Monenlaisten julkisen sektorin ja s\u00e4\u00e4ti\u00f6iden apupakettien lis\u00e4ksi toimijat ja suuri yleis\u00f6 kehitt\u00e4v\u00e4t parhaillaan tapoja ker\u00e4t\u00e4 rahaa my\u00f6s itse. Kaikki eiv\u00e4t tunne viel\u00e4 hyvin Suomen rahanker\u00e4yslains\u00e4\u00e4d\u00e4nt\u00f6\u00e4, tai sit\u00e4 ett\u00e4 lahjoituksia ei voi pyyt\u00e4\u00e4 yleis\u00f6lt\u00e4 tuosta vain, joten kokosimme Joukkorahoituspalvelu Mesenaatin toimesta t\u00e4rkeimm\u00e4t asiat mit\u00e4 rahan ker\u00e4\u00e4misest\u00e4 on hyv\u00e4 tiet\u00e4\u00e4.<\/p>\n<p>Rahaa voi ker\u00e4t\u00e4 Suomessa p\u00e4\u00e4asiassa kolmella tavalla, jos mm. sijoittaminen ja arpajaiset j\u00e4tet\u00e4\u00e4n pois:<\/p>\n<ol>\n<li>Kaupank\u00e4ynti.<\/li>\n<li> Pienker\u00e4ys.<\/li>\n<li>Luvanvarainen rahanker\u00e4ys<\/li>\n<\/ol>\n<h2>1. Kaupank\u00e4ynti<\/h2>\n<p>T\u00e4m\u00e4 tarkoittaa mit\u00e4 tahansa tuotteiden myynti\u00e4, jossa rahan antaja saa vastikkeen antamalleen summalle. Se voi tapahtua my\u00f6s ennakkomyyntin\u00e4 ja et\u00e4myyntin\u00e4. Vastike voi olla tavara, palvelu, el\u00e4mys, j\u00e4senyys tai osuus, kuten:<\/p>\n<ul>\n<li>fyysinen tai virtuaalinen tuote kuten kirja, levy, kuvatallenne, applikaatio tai muu tuote<\/li>\n<li>p\u00e4\u00e4sylippu esitykseen, kutsu avajaisiin tai ensi-iltaan - my\u00f6s virtuaalisesti toteutettuina<\/li>\n<li>mahdollisuus hy\u00f6dynt\u00e4\u00e4 tilaa, palvelua tai tuotettua esinett\u00e4, tai yritysyhteisty\u00f6ss\u00e4 br\u00e4ndi\u00e4<\/li>\n<li>osuus osuuskunnasta, tai yhdistyksen, kerhon tms. j\u00e4senyys<\/li>\n<\/ul>\n<p>Vastikkeen tulee olla aina suhteessa pyydettyyn rahoitussummaan. Vastikkeilla pit\u00e4\u00e4 olla kiinte\u00e4t hinnat. Jos rahoittajaa pyydet\u00e4\u00e4n julkisesti maksamaan h\u00e4nen itse valitsemansa summa vastikkeesta, on Suomen lain mukaan kyse lahjoitusten pyyt\u00e4misest\u00e4. Se vaatii rahanker\u00e4ysluvan tai pienker\u00e4ysnumeron, joita k\u00e4sitell\u00e4\u00e4n alla. Sen sijaa vastikkeella voi olla useita hintaryhmi\u00e4, kuten opiskelija- ja el\u00e4kel\u00e4ishinnat. Virtuaalisiin tuotteisiin voidaan luoda porrastuksia my\u00f6s esimerkiksi tarjoamalla eri pituisia katseluoikeuksia.<\/p>\n<p>Vastikkeeksi ei voi tarjota sellaista tuotetta tai palvelua josta my\u00f6s muut kuin rahoittajat p\u00e4\u00e4sev\u00e4t vapaasti nauttimaan.T\u00e4m\u00e4 luokitellaan my\u00f6s lahjoitusten pyyt\u00e4miseksi. Vastikkeen toimittamiselle tulee my\u00f6s asettaa ajankohta johon menness\u00e4 se toteutetaan.<\/p>\n<p>Vastikkeiden myynnill\u00e4 saatu rahoitus on yksityishenkil\u00f6n tai yhteis\u00f6n tuloa, jota k\u00e4sitell\u00e4\u00e4n sen mukaisesti my\u00f6s verotuksessa. Yleishy\u00f6dylliset yhteis\u00f6t ovat p\u00e4\u00e4s\u00e4\u00e4nt\u00f6isesti verovapaita hankkimastaan rahoituksesta, mik\u00e4li rahoitettava toiminta on verovapaata.<\/p>\n<p>Jos rahoituksen hakijataho on arvonlis\u00e4velvollinen, pit\u00e4\u00e4 vastikkeiden sis\u00e4lt\u00e4\u00e4 ALV, ellei tuotetta tai palvelua ole s\u00e4\u00e4detty verottomaksi. Arvonlis\u00e4veron veroluokka pit\u00e4\u00e4 mainita vastikkeiden yhteydess\u00e4. Jos ei ole ole arvonlis\u00e4verovelvollinen, pit\u00e4\u00e4 sekin mainita.<\/p>\n<h2>2. Pienker\u00e4ys<\/h2>\n<p>Uuden rahanker\u00e4yslain my\u00f6t\u00e4 voit pyyt\u00e4\u00e4 lahjoituksia yleis\u00f6lt\u00e4 10 000 euroon asti ilman rahanker\u00e4yslupaa. Ker\u00e4ys on keskeytett\u00e4v\u00e4 kun se saavuttaa 10 000 euron rajan.<br \/>\nPienker\u00e4yksi\u00e4 ei kuitenkaan saa j\u00e4rjest\u00e4\u00e4 ker\u00e4t\u00e4kseen itselleen rahaa omaksi hyv\u00e4kseen, tai yritykselleen tai muuhun elinkeinotoimintaan, mutta toisen henkil\u00f6n auttamiseen tai yleishy\u00f6dylliseen tarkoitukseen saa. Pienker\u00e4yksen voi j\u00e4rjest\u00e4\u00e4 esimerkiksi yhdistys, mutta my\u00f6s v\u00e4hint\u00e4\u00e4n kolmen hengen ryhm\u00e4 yksityishenkil\u00f6it\u00e4 voi tehd\u00e4 pienker\u00e4yksen.<br \/>\nRahanker\u00e4yslupaa ei siis tarvita, mutta poliisille pit\u00e4\u00e4 ilmoittaa pienker\u00e4yksest\u00e4, ja maksaa vaadittava maksu (55 euroa). Kun hakemus on k\u00e4sitelty, ker\u00e4\u00e4j\u00e4 saa pienker\u00e4ysnumeron. T\u00e4m\u00e4 pienker\u00e4ysnumero ilmoitetaan ker\u00e4yksen yhteydess\u00e4 yleis\u00f6lle. T\u00e4m\u00e4n lis\u00e4ksi ker\u00e4yksen j\u00e4rjest\u00e4jill\u00e4 on my\u00f6s muita velvoitteita.<\/p>\n<h2>3. Luvanvarainen rahanker\u00e4ys<\/h2>\n<p>Yleishy\u00f6dylliset yhdistykset voivat saada yleishy\u00f6dyllisiin tarkoituksiin rahanker\u00e4ysluvan. T\u00e4ll\u00f6in he voivat pyyt\u00e4\u00e4 yleis\u00f6\u00e4 lahjoittamaan rahaa kyseisiin tarkoituksiin. Yleishy\u00f6dyllinen yhteis\u00f6 voi toimeenpanna ker\u00e4yksen my\u00f6s ulkopuolisen tahon hyv\u00e4ksi kunhan ker\u00e4ystarkoitus on yleishy\u00f6dyllinen tai kohdistuu taloudellisissa vaikeuksissa olevan henkil\u00f6n tai perheen auttamiseen tai vakiintuneen opinto- ja harrasteryhm\u00e4n opintojen tai harrastustoiminnan tukemiseen.<\/p>\n<p>HUOM! RAHAN LAHJOITTAMINEN JA LAHJOITUSTEN VASTAANOTTAMINEN ON T\u00c4YSIN SALLITTUA JA LAILLISTA! AINOASTAAN LAHJOITUSTEN PYYT\u00c4MINEN JULKISESTI ON LUVANVARAISTA.<\/p>\n<h3>LIS\u00c4TIEDOT<\/h3>\n<p>Pienker\u00e4yksest\u00e4 Arpajaishallinnon sivulla<a href=\"https:\/\/www.arpajaishallinto.fi\/rahankeraykset\/pienkeraykset\"> www.arpajaishallinto.fi\/rahankeraykset\/pienkeraykset<\/a><br \/>\nArvonlis\u00e4verosta Verottajan sivulla <a href=\"https:\/\/www.vero.fi\/yritykset-ja-yhteisot\/tietoa-yritysverotuksesta\/arvonlisaverotus\/\">www.vero.fi\/yritykset-ja-yhteisot\/tietoa-yritysverotuksesta\/arvonlisaverotus\/<\/a><br \/>\n<a href=\"mesenaatti.me\/pro\/korona-aid\/\">Mesenaatti.me:n Korona Aid <\/a><\/p>\n<p><\/p>\n"}},"_links":{"self":[{"href":"https:\/\/mesenaatti-cms.karolina.io\/en\/wp-json\/wp\/v2\/pages\/18866"}],"collection":[{"href":"https:\/\/mesenaatti-cms.karolina.io\/en\/wp-json\/wp\/v2\/pages"}],"about":[{"href":"https:\/\/mesenaatti-cms.karolina.io\/en\/wp-json\/wp\/v2\/types\/page"}],"author":[{"embeddable":true,"href":"https:\/\/mesenaatti-cms.karolina.io\/en\/wp-json\/wp\/v2\/users\/7"}],"replies":[{"embeddable":true,"href":"https:\/\/mesenaatti-cms.karolina.io\/en\/wp-json\/wp\/v2\/comments?post=18866"}],"version-history":[{"count":3,"href":"https:\/\/mesenaatti-cms.karolina.io\/en\/wp-json\/wp\/v2\/pages\/18866\/revisions"}],"predecessor-version":[{"id":19764,"href":"https:\/\/mesenaatti-cms.karolina.io\/en\/wp-json\/wp\/v2\/pages\/18866\/revisions\/19764"}],"wp:attachment":[{"href":"https:\/\/mesenaatti-cms.karolina.io\/en\/wp-json\/wp\/v2\/media?parent=18866"}],"curies":[{"name":"wp","href":"https:\/\/api.w.org\/{rel}","templated":true}]}}