{"id":11423,"date":"2015-05-07T14:12:24","date_gmt":"2015-05-07T11:12:24","guid":{"rendered":"http:\/\/mesenaatti-cms.karolina.io\/?page_id=11423"},"modified":"2015-05-08T16:51:26","modified_gmt":"2015-05-08T13:51:26","slug":"journalismiralli","status":"publish","type":"page","link":"https:\/\/mesenaatti-cms.karolina.io\/en\/pro\/journalismiralli\/","title":{"rendered":"(suomi) Journalismiralli"},"content":{"rendered":"<p>Sorry, this entry is only available in <a href=\"https:\/\/mesenaatti-cms.karolina.io\/wp-json\/wp\/v2\/pages\/11423\">suomi<\/a>.<\/p>\n","protected":false},"excerpt":{"rendered":"<p>Sorry, this entry is only available in suomi.<\/p>\n","protected":false},"author":7,"featured_media":0,"parent":7165,"menu_order":0,"comment_status":"closed","ping_status":"open","template":"pro_longplay.php","meta":{"footnotes":""},"mesenaatti_content":{"title":{"raw":"<!--:fi-->Journalismiralli<!--:-->","en":"(suomi) Journalismiralli","fi":"Journalismiralli"},"content":{"raw":"<p><!--:fi--><\/p>\n<div class=\"leftside simple clear\">\n<h2>Suuressa journalismirallissa kisaa kolme poikkeuksellisen vaativaa tutkivaa juttuprojektia.<\/h2>\n<p class=\"ingress\">Hanna Nikkanen selvitt\u00e4\u00e4 jutussaan Fennovoiman ydinvoimalahankkeen taustat, Riku Siivonen tutkii Yleisradion rahoitusta ja Ann-Mari Huhtanen kertoo S\u00e4rk\u00e4nniemen delfinaarion koko tarinan. Jutut toteutetaan, jos ne ker\u00e4\u00e4v\u00e4t rahoituksen minimitavoitteen eli 2000 euroa. Toteutuneet jutut julkaisee Long Play.<\/p>\n<p>Maija Vilkkumaa, Riku Rantala ja Mikael Jungner ovat jo valinneet jutuista itselleen t\u00e4rkeimm\u00e4t.<br \/>\nTutustu hankkeisiin, niiden tekij\u00f6ihin ja kiritt\u00e4jiin. Varmista, ett\u00e4 t\u00e4rkein juttu varmasti toteutuu ja tule mukaan rahoittamaan tutkivaa journalismia!<\/p>\n<p>My\u00f6s Mesenaatti ja Long Play tukevat juttujen valmistumista antamalla jokaiselle jutulle 300 euroa alkup\u00e4\u00e4omaa. Nopeimmin minimitavoitteen saavuttanut juttu saa lis\u00e4rahoitusta 500 euroa, toiseksi tullut 350 ja kolmanneksi tullut 250 euroa. Jos projekti saavuttaa seuraavan maalinsa, 6000 euroa, siit\u00e4 tehd\u00e4\u00e4n printtiversio kuvineen. Jos aihe saavuttaa lopullisen tavoitteensa, 30 000 euroa, jutun lis\u00e4ksi aiheesta tehd\u00e4\u00e4n my\u00f6s kirja. Eniten rahaa ker\u00e4nnyt aihe voittaa rallin. Voittajaa juhlitaan syksyll\u00e4 gaalassa, johon kutsutaan mukaan kaikki, jotka ovat rahoittaneet juttuja Mesenaatin kautta.<\/p>\n<\/div>\n<p><!--:--><\/p>\n","en":"<p><\/p>\n","fi":"<p><\/p>\n<div class=\"leftside simple clear\">\n<h2>Suuressa journalismirallissa kisaa kolme poikkeuksellisen vaativaa tutkivaa juttuprojektia.<\/h2>\n<p class=\"ingress\">Hanna Nikkanen selvitt\u00e4\u00e4 jutussaan Fennovoiman ydinvoimalahankkeen taustat, Riku Siivonen tutkii Yleisradion rahoitusta ja Ann-Mari Huhtanen kertoo S\u00e4rk\u00e4nniemen delfinaarion koko tarinan. Jutut toteutetaan, jos ne ker\u00e4\u00e4v\u00e4t rahoituksen minimitavoitteen eli 2000 euroa. Toteutuneet jutut julkaisee Long Play.<\/p>\n<p>Maija Vilkkumaa, Riku Rantala ja Mikael Jungner ovat jo valinneet jutuista itselleen t\u00e4rkeimm\u00e4t.<br \/>\nTutustu hankkeisiin, niiden tekij\u00f6ihin ja kiritt\u00e4jiin. Varmista, ett\u00e4 t\u00e4rkein juttu varmasti toteutuu ja tule mukaan rahoittamaan tutkivaa journalismia!<\/p>\n<p>My\u00f6s Mesenaatti ja Long Play tukevat juttujen valmistumista antamalla jokaiselle jutulle 300 euroa alkup\u00e4\u00e4omaa. Nopeimmin minimitavoitteen saavuttanut juttu saa lis\u00e4rahoitusta 500 euroa, toiseksi tullut 350 ja kolmanneksi tullut 250 euroa. Jos projekti saavuttaa seuraavan maalinsa, 6000 euroa, siit\u00e4 tehd\u00e4\u00e4n printtiversio kuvineen. Jos aihe saavuttaa lopullisen tavoitteensa, 30 000 euroa, jutun lis\u00e4ksi aiheesta tehd\u00e4\u00e4n my\u00f6s kirja. Eniten rahaa ker\u00e4nnyt aihe voittaa rallin. Voittajaa juhlitaan syksyll\u00e4 gaalassa, johon kutsutaan mukaan kaikki, jotka ovat rahoittaneet juttuja Mesenaatin kautta.<\/p>\n<\/div>\n<p><\/p>\n"}},"_links":{"self":[{"href":"https:\/\/mesenaatti-cms.karolina.io\/en\/wp-json\/wp\/v2\/pages\/11423"}],"collection":[{"href":"https:\/\/mesenaatti-cms.karolina.io\/en\/wp-json\/wp\/v2\/pages"}],"about":[{"href":"https:\/\/mesenaatti-cms.karolina.io\/en\/wp-json\/wp\/v2\/types\/page"}],"author":[{"embeddable":true,"href":"https:\/\/mesenaatti-cms.karolina.io\/en\/wp-json\/wp\/v2\/users\/7"}],"replies":[{"embeddable":true,"href":"https:\/\/mesenaatti-cms.karolina.io\/en\/wp-json\/wp\/v2\/comments?post=11423"}],"version-history":[{"count":0,"href":"https:\/\/mesenaatti-cms.karolina.io\/en\/wp-json\/wp\/v2\/pages\/11423\/revisions"}],"up":[{"embeddable":true,"href":"https:\/\/mesenaatti-cms.karolina.io\/en\/wp-json\/wp\/v2\/pages\/7165"}],"wp:attachment":[{"href":"https:\/\/mesenaatti-cms.karolina.io\/en\/wp-json\/wp\/v2\/media?parent=11423"}],"curies":[{"name":"wp","href":"https:\/\/api.w.org\/{rel}","templated":true}]}}