{"id":1073,"date":"2013-06-29T15:23:51","date_gmt":"2013-06-29T12:23:51","guid":{"rendered":"http:\/\/mesenaatti-cms.karolina.io\/?page_id=1073"},"modified":"2026-03-24T15:57:32","modified_gmt":"2026-03-24T13:57:32","slug":"info","status":"publish","type":"page","link":"https:\/\/mesenaatti-cms.karolina.io\/en\/info\/","title":{"rendered":"Info"},"content":{"rendered":"<h4><strong>INFO<\/strong><br \/>\n<strong><a href=\"https:\/\/mesenaatti.me\/en\/info\/mika-on-mesenaatti-me\/\">WHAT IS MESENAATTI.ME<\/a><\/strong><br \/>\n<strong><a href=\"https:\/\/mesenaatti.me\/en\/info\/ohjeet2\/\">HOW TO DO A CROWDFUNDING CAMPAIGN<\/a><\/strong><br \/>\n<strong><a href=\"https:\/\/mesenaatti.me\/en\/info\/etiketti\/\">RULES, TERMS OF USE, GDPR<\/a><\/strong><\/h4>\n<p><strong>Marko Tanninen<\/strong><br \/>\nCEO<br \/>\nmarko@mesenaatti.me<\/p>\n<p>Social media<\/p>\n<p><a href=\"https:\/\/www.facebook.com\/mesenaatti.me\">Facebook page<br \/>\n<\/a><a href=\"https:\/\/www.facebook.com\/groups\/1449487535265696\/?fref=ts\">Facebook group for campaign makers<\/a><br \/>\n<a href=\"https:\/\/instagram.com\/mesenaattime\">Instagram<\/a><\/p>\n<p><a style=\"font-size: revert; font-family: -apple-system, BlinkMacSystemFont, 'Segoe UI', Roboto, Oxygen-Sans, Ubuntu, Cantarell, 'Helvetica Neue', sans-serif;\" href=\"https:\/\/twitter.com\/Mesenaattime\">Twitter<\/a><\/p>\n<p><a href=\"https:\/\/www.linkedin.com\/company\/4837716?trk=tyah&amp;trkInfo=idx%3A1-3-3%2CtarId%3A1424359932462%2Ctas%3Ayhteis\u00f6\">LinkedIn<\/a><\/p>\n<h3>Contact<\/h3>\n<p>Marko Tanninen<br \/>\nmarko@mesenaatti.me<br \/>\np. 040 720 0880<\/p>\n<div><\/div>\n","protected":false},"excerpt":{"rendered":"<p>INFO WHAT IS MESENAATTI.ME HOW TO DO A CROWDFUNDING CAMPAIGN RULES, TERMS OF USE, GDPR Marko Tanninen CEO marko@mesenaatti.me Social media Facebook page [&hellip;]<\/p>\n","protected":false},"author":7,"featured_media":0,"parent":0,"menu_order":0,"comment_status":"open","ping_status":"open","template":"","meta":{"footnotes":""},"mesenaatti_content":{"title":{"raw":"Info","en":"Info","fi":"Info"},"content":{"raw":"<p><!--:en--><\/p>\n<h4><strong>INFO<\/strong><br \/>\n<strong><a href=\"https:\/\/mesenaatti.me\/en\/info\/mika-on-mesenaatti-me\/\">WHAT IS MESENAATTI.ME<\/a><\/strong><br \/>\n<strong><a href=\"https:\/\/mesenaatti.me\/en\/info\/ohjeet2\/\">HOW TO DO A CROWDFUNDING CAMPAIGN<\/a><\/strong><br \/>\n<strong><a href=\"https:\/\/mesenaatti.me\/en\/info\/etiketti\/\">RULES, TERMS OF USE, GDPR<\/a><\/strong><\/h4>\n<p><strong>Marko Tanninen<\/strong><br \/>\nCEO<br \/>\nmarko@mesenaatti.me<\/p>\n<p>Social media<\/p>\n<p><a href=\"https:\/\/www.facebook.com\/mesenaatti.me\">Facebook page<br \/>\n<\/a><a href=\"https:\/\/www.facebook.com\/groups\/1449487535265696\/?fref=ts\">Facebook group for campaign makers<\/a><br \/>\n<a href=\"https:\/\/instagram.com\/mesenaattime\">Instagram<\/a><\/p>\n<p><a style=\"font-size: revert; font-family: -apple-system, BlinkMacSystemFont, 'Segoe UI', Roboto, Oxygen-Sans, Ubuntu, Cantarell, 'Helvetica Neue', sans-serif;\" href=\"https:\/\/twitter.com\/Mesenaattime\">Twitter<\/a><\/p>\n<p><a href=\"https:\/\/www.linkedin.com\/company\/4837716?trk=tyah&amp;trkInfo=idx%3A1-3-3%2CtarId%3A1424359932462%2Ctas%3Ayhteis\u00f6\">LinkedIn<\/a><\/p>\n<h3>Contact<\/h3>\n<p>Marko Tanninen<br \/>\nmarko@mesenaatti.me<br \/>\np. 040 720 0880<\/p>\n<div><\/div>\n<p><!--:--><!--:fi--><\/p>\n<h2>YHTEYSTIEDOT JA PALVELUT<\/h2>\n<ul>\n<li><strong>YHTEYSTIEDOT JA PALVELUT<\/strong><\/li>\n<li><strong><a href=\"https:\/\/mesenaatti.me\/info\/mika-on-mesenaatti-me\/\">MIK\u00c4 ON MESENAATTI.ME<\/a><\/strong><\/li>\n<li><strong><a href=\"https:\/\/mesenaatti.me\/info\/ohjeet2\/\">OHJEET JOUKKORAHOITUSKAMPANJAN TEKEMISEEN<\/a><\/strong><\/li>\n<li><strong><a href=\"https:\/\/mesenaatti.me\/info\/ohjeet2\/miten-tavoitan-rahoittajani\/\">MAKSULLISET MARKKINOINTIPALVELUT<\/a><\/strong><\/li>\n<li><strong><a href=\"https:\/\/mesenaatti.me\/info\/etiketti\/\">S\u00c4\u00c4NN\u00d6T JA K\u00c4YTT\u00d6EHDOT<\/a><\/strong><\/li>\n<\/ul>\n<p><strong><br \/>\n<\/strong>Mesenaatti.me tarjoaa alustan markkinointiin ja rahoituksen hakemiseen. Tuemme k\u00e4ytt\u00e4ji\u00e4, markkinoimme kampanjoita ja tarjoamme my\u00f6s maksullisia markkinointipalveluja kampanjantekij\u00f6ille. Lis\u00e4ksi Mesenaatin sis\u00e4\u00e4n voi perustaa omia alasivustoja omille teemoille,\u00a0 \"m\u00e4ts\u00e4t\u00e4\" joukkorahoituskampanjoita sponsorirahoituksella tai avustuksilla, tai tilata Mesenaatilta oman \"white label\" -joukkorahoitussivuston.<\/p>\n<p><strong>Marko Tanninen<\/strong><br \/>\nJohtaja<br \/>\nmarko@mesenaatti.me<\/p>\n<h3>Sosiaalinen media<\/h3>\n<p><a href=\"https:\/\/www.facebook.com\/mesenaatti.me\">Facebook-sivu<br \/>\n<\/a><a href=\"https:\/\/www.facebook.com\/groups\/1449487535265696\/?fref=ts\">Mesenaatin kampanjantekij\u00f6iden keskusteluryhm\u00e4 Facebookissa<\/a><br \/>\n<a href=\"https:\/\/instagram.com\/mesenaattime\">Instagram-tili<\/a><\/p>\n<p><a href=\"https:\/\/www.linkedin.com\/company\/4837716?trk=tyah&amp;trkInfo=idx%3A1-3-3%2CtarId%3A1424359932462%2Ctas%3Ayhteis\u00f6\">LinkedIn-sivu<\/a><\/p>\n<h3>Kampanjan julkaisuun liittyv\u00e4 tuki<\/h3>\n<p>Mesenaatti.me neuvoo jokaista kampanjantekij\u00e4\u00e4 tarpeen mukaan p\u00e4\u00e4asiassa s\u00e4hk\u00f6postitse ja Facebookin kautta. Jokaisesta kampanjasta, joka alkaa saada rahoitusta kampanjantekij\u00f6iden toimesta, tehd\u00e4\u00e4n v\u00e4hint\u00e4\u00e4n yksi julkaisu Mesenaatin sosiaalisen median kanaviin, ja osa kampanjoista esitell\u00e4\u00e4n yli 50 000 henkil\u00f6n uutiskirjeess\u00e4 tai teeman mukaan kohdennetussa pienemm\u00e4ss\u00e4 jakelussa.<\/p>\n<p>Mesenaatti tarkastaa kampanjoiden laillisuuden mm. rahanker\u00e4yslain suhteen sek\u00e4 yleisen kampanjan julkaisukelpoisuuden.<\/p>\n<p>me@mesenaatti.me<\/p>\n<h3>Yhteys<\/h3>\n<p>Marko Tanninen<br \/>\nmarko@mesenaatti.me<br \/>\n040 720 0880<\/p>\n<p><!--:--><\/p>\n","en":"<p><\/p>\n<h4><strong>INFO<\/strong><br \/>\n<strong><a href=\"https:\/\/mesenaatti.me\/en\/info\/mika-on-mesenaatti-me\/\">WHAT IS MESENAATTI.ME<\/a><\/strong><br \/>\n<strong><a href=\"https:\/\/mesenaatti.me\/en\/info\/ohjeet2\/\">HOW TO DO A CROWDFUNDING CAMPAIGN<\/a><\/strong><br \/>\n<strong><a href=\"https:\/\/mesenaatti.me\/en\/info\/etiketti\/\">RULES, TERMS OF USE, GDPR<\/a><\/strong><\/h4>\n<p><strong>Marko Tanninen<\/strong><br \/>\nCEO<br \/>\nmarko@mesenaatti.me<\/p>\n<p>Social media<\/p>\n<p><a href=\"https:\/\/www.facebook.com\/mesenaatti.me\">Facebook page<br \/>\n<\/a><a href=\"https:\/\/www.facebook.com\/groups\/1449487535265696\/?fref=ts\">Facebook group for campaign makers<\/a><br \/>\n<a href=\"https:\/\/instagram.com\/mesenaattime\">Instagram<\/a><\/p>\n<p><a style=\"font-size: revert; font-family: -apple-system, BlinkMacSystemFont, 'Segoe UI', Roboto, Oxygen-Sans, Ubuntu, Cantarell, 'Helvetica Neue', sans-serif;\" href=\"https:\/\/twitter.com\/Mesenaattime\">Twitter<\/a><\/p>\n<p><a href=\"https:\/\/www.linkedin.com\/company\/4837716?trk=tyah&amp;trkInfo=idx%3A1-3-3%2CtarId%3A1424359932462%2Ctas%3Ayhteis\u00f6\">LinkedIn<\/a><\/p>\n<h3>Contact<\/h3>\n<p>Marko Tanninen<br \/>\nmarko@mesenaatti.me<br \/>\np. 040 720 0880<\/p>\n<div><\/div>\n<p><\/p>\n","fi":"<p><\/p>\n<h2>YHTEYSTIEDOT JA PALVELUT<\/h2>\n<ul>\n<li><strong>YHTEYSTIEDOT JA PALVELUT<\/strong><\/li>\n<li><strong><a href=\"https:\/\/mesenaatti.me\/info\/mika-on-mesenaatti-me\/\">MIK\u00c4 ON MESENAATTI.ME<\/a><\/strong><\/li>\n<li><strong><a href=\"https:\/\/mesenaatti.me\/info\/ohjeet2\/\">OHJEET JOUKKORAHOITUSKAMPANJAN TEKEMISEEN<\/a><\/strong><\/li>\n<li><strong><a href=\"https:\/\/mesenaatti.me\/info\/ohjeet2\/miten-tavoitan-rahoittajani\/\">MAKSULLISET MARKKINOINTIPALVELUT<\/a><\/strong><\/li>\n<li><strong><a href=\"https:\/\/mesenaatti.me\/info\/etiketti\/\">S\u00c4\u00c4NN\u00d6T JA K\u00c4YTT\u00d6EHDOT<\/a><\/strong><\/li>\n<\/ul>\n<p><strong><br \/>\n<\/strong>Mesenaatti.me tarjoaa alustan markkinointiin ja rahoituksen hakemiseen. Tuemme k\u00e4ytt\u00e4ji\u00e4, markkinoimme kampanjoita ja tarjoamme my\u00f6s maksullisia markkinointipalveluja kampanjantekij\u00f6ille. Lis\u00e4ksi Mesenaatin sis\u00e4\u00e4n voi perustaa omia alasivustoja omille teemoille,\u00a0 \"m\u00e4ts\u00e4t\u00e4\" joukkorahoituskampanjoita sponsorirahoituksella tai avustuksilla, tai tilata Mesenaatilta oman \"white label\" -joukkorahoitussivuston.<\/p>\n<p><strong>Marko Tanninen<\/strong><br \/>\nJohtaja<br \/>\nmarko@mesenaatti.me<\/p>\n<h3>Sosiaalinen media<\/h3>\n<p><a href=\"https:\/\/www.facebook.com\/mesenaatti.me\">Facebook-sivu<br \/>\n<\/a><a href=\"https:\/\/www.facebook.com\/groups\/1449487535265696\/?fref=ts\">Mesenaatin kampanjantekij\u00f6iden keskusteluryhm\u00e4 Facebookissa<\/a><br \/>\n<a href=\"https:\/\/instagram.com\/mesenaattime\">Instagram-tili<\/a><\/p>\n<p><a href=\"https:\/\/www.linkedin.com\/company\/4837716?trk=tyah&amp;trkInfo=idx%3A1-3-3%2CtarId%3A1424359932462%2Ctas%3Ayhteis\u00f6\">LinkedIn-sivu<\/a><\/p>\n<h3>Kampanjan julkaisuun liittyv\u00e4 tuki<\/h3>\n<p>Mesenaatti.me neuvoo jokaista kampanjantekij\u00e4\u00e4 tarpeen mukaan p\u00e4\u00e4asiassa s\u00e4hk\u00f6postitse ja Facebookin kautta. Jokaisesta kampanjasta, joka alkaa saada rahoitusta kampanjantekij\u00f6iden toimesta, tehd\u00e4\u00e4n v\u00e4hint\u00e4\u00e4n yksi julkaisu Mesenaatin sosiaalisen median kanaviin, ja osa kampanjoista esitell\u00e4\u00e4n yli 50 000 henkil\u00f6n uutiskirjeess\u00e4 tai teeman mukaan kohdennetussa pienemm\u00e4ss\u00e4 jakelussa.<\/p>\n<p>Mesenaatti tarkastaa kampanjoiden laillisuuden mm. rahanker\u00e4yslain suhteen sek\u00e4 yleisen kampanjan julkaisukelpoisuuden.<\/p>\n<p>me@mesenaatti.me<\/p>\n<h3>Yhteys<\/h3>\n<p>Marko Tanninen<br \/>\nmarko@mesenaatti.me<br \/>\n040 720 0880<\/p>\n<p><\/p>\n"}},"_links":{"self":[{"href":"https:\/\/mesenaatti-cms.karolina.io\/en\/wp-json\/wp\/v2\/pages\/1073"}],"collection":[{"href":"https:\/\/mesenaatti-cms.karolina.io\/en\/wp-json\/wp\/v2\/pages"}],"about":[{"href":"https:\/\/mesenaatti-cms.karolina.io\/en\/wp-json\/wp\/v2\/types\/page"}],"author":[{"embeddable":true,"href":"https:\/\/mesenaatti-cms.karolina.io\/en\/wp-json\/wp\/v2\/users\/7"}],"replies":[{"embeddable":true,"href":"https:\/\/mesenaatti-cms.karolina.io\/en\/wp-json\/wp\/v2\/comments?post=1073"}],"version-history":[{"count":38,"href":"https:\/\/mesenaatti-cms.karolina.io\/en\/wp-json\/wp\/v2\/pages\/1073\/revisions"}],"predecessor-version":[{"id":21951,"href":"https:\/\/mesenaatti-cms.karolina.io\/en\/wp-json\/wp\/v2\/pages\/1073\/revisions\/21951"}],"wp:attachment":[{"href":"https:\/\/mesenaatti-cms.karolina.io\/en\/wp-json\/wp\/v2\/media?parent=1073"}],"curies":[{"name":"wp","href":"https:\/\/api.w.org\/{rel}","templated":true}]}}